{"id":46,"date":"2015-01-27T10:46:29","date_gmt":"2015-01-27T10:46:29","guid":{"rendered":"http:\/\/localhost\/regeijasz\/?page_id=46"},"modified":"2023-09-25T07:49:36","modified_gmt":"2023-09-25T05:49:36","slug":"rendezvenyek","status":"publish","type":"page","link":"https:\/\/regeijaszok.hu\/?page_id=46","title":{"rendered":"Rendezv\u00e9nyek"},"content":{"rendered":"<p><a href=\"http:\/\/regeijaszok.hu\/wp-content\/uploads\/2023\/09\/lovagrend-plakat.jpg\"><img decoding=\"async\" loading=\"lazy\" class=\"aligncenter wp-image-947\" src=\"http:\/\/regeijaszok.hu\/wp-content\/uploads\/2023\/09\/lovagrend-plakat-212x300.jpg\" alt=\"\" width=\"754\" height=\"1067\" srcset=\"https:\/\/regeijaszok.hu\/wp-content\/uploads\/2023\/09\/lovagrend-plakat-212x300.jpg 212w, https:\/\/regeijaszok.hu\/wp-content\/uploads\/2023\/09\/lovagrend-plakat.jpg 1123w\" sizes=\"(max-width: 754px) 100vw, 754px\" \/><\/a><\/p>\n<p><strong>Sajnos m\u00e1r feled\u00e9sben vannak a h\u00f3napok r\u00e9gies elnevez\u00e9se, pedig sokkal besz\u00e9desebbek, mint a ma haszn\u00e1latosak:<\/strong><\/p>\n<ul>\n<li style=\"text-align: left;\">Janu\u00e1r: Boldogasszony hava, Fergeteg hava<\/li>\n<li style=\"text-align: left;\">Febru\u00e1r: B\u00f6jtel\u0151 hava, J\u00e9gbont\u00f3 hava<\/li>\n<li style=\"text-align: left;\">M\u00e1rcius: B\u00f6jtm\u00e1s hava, Kikelet hava<\/li>\n<li style=\"text-align: left;\">\u00c1prilis: Szent Gy\u00f6rgy hava, Szelek hava<\/li>\n<li style=\"text-align: left;\">M\u00e1jus: P\u00fcnk\u00f6sd hava, \u00cdg\u00e9ret hava<\/li>\n<li style=\"text-align: left;\">J\u00fanius: Ny\u00e1rel\u0151 hava, Napisten hava<\/li>\n<li style=\"text-align: left;\">J\u00falius: Szent Jakab hava, \u00c1ld\u00e1s hava<\/li>\n<li style=\"text-align: left;\">Augusztus: Kisasszony hava, \u00daj keny\u00e9r hava<\/li>\n<li style=\"text-align: left;\">Szeptember: Szent Mih\u00e1ly hava, F\u00f6ldanya hava<\/li>\n<li style=\"text-align: left;\">Okt\u00f3ber: Mindszent hava, Magvet\u0151 hava<\/li>\n<li style=\"text-align: left;\">November: Szent Andr\u00e1s hava, Eny\u00e9szet hava<\/li>\n<li style=\"text-align: left;\">December: Kar\u00e1csony hava, \u00c1lom hava<\/li>\n<\/ul>\n","protected":false},"excerpt":{"rendered":"<p>Sajnos m\u00e1r feled\u00e9sben vannak a h\u00f3napok r\u00e9gies elnevez\u00e9se, pedig sokkal besz\u00e9desebbek, mint a ma haszn\u00e1latosak: Janu\u00e1r: Boldogasszony hava, Fergeteg hava Febru\u00e1r: B\u00f6jtel\u0151 hava, J\u00e9gbont\u00f3 hava M\u00e1rcius: B\u00f6jtm\u00e1s hava, Kikelet hava \u00c1prilis: Szent Gy\u00f6rgy hava, Szelek hava M\u00e1jus: P\u00fcnk\u00f6sd hava, \u00cdg\u00e9ret hava J\u00fanius: Ny\u00e1rel\u0151 hava, Napisten hava J\u00falius: Szent Jakab hava, \u00c1ld\u00e1s hava Augusztus: Kisasszony hava, [&hellip;]<\/p>\n","protected":false},"author":1,"featured_media":0,"parent":0,"menu_order":0,"comment_status":"closed","ping_status":"closed","template":"","meta":[],"_links":{"self":[{"href":"https:\/\/regeijaszok.hu\/index.php?rest_route=\/wp\/v2\/pages\/46"}],"collection":[{"href":"https:\/\/regeijaszok.hu\/index.php?rest_route=\/wp\/v2\/pages"}],"about":[{"href":"https:\/\/regeijaszok.hu\/index.php?rest_route=\/wp\/v2\/types\/page"}],"author":[{"embeddable":true,"href":"https:\/\/regeijaszok.hu\/index.php?rest_route=\/wp\/v2\/users\/1"}],"replies":[{"embeddable":true,"href":"https:\/\/regeijaszok.hu\/index.php?rest_route=%2Fwp%2Fv2%2Fcomments&post=46"}],"version-history":[{"count":35,"href":"https:\/\/regeijaszok.hu\/index.php?rest_route=\/wp\/v2\/pages\/46\/revisions"}],"predecessor-version":[{"id":949,"href":"https:\/\/regeijaszok.hu\/index.php?rest_route=\/wp\/v2\/pages\/46\/revisions\/949"}],"wp:attachment":[{"href":"https:\/\/regeijaszok.hu\/index.php?rest_route=%2Fwp%2Fv2%2Fmedia&parent=46"}],"curies":[{"name":"wp","href":"https:\/\/api.w.org\/{rel}","templated":true}]}}