{"id":39,"date":"2015-01-27T10:44:21","date_gmt":"2015-01-27T10:44:21","guid":{"rendered":"http:\/\/localhost\/regeijasz\/?page_id=39"},"modified":"2019-08-29T10:03:28","modified_gmt":"2019-08-29T08:03:28","slug":"kezdolap","status":"publish","type":"page","link":"https:\/\/regeijaszok.hu\/","title":{"rendered":"F\u0151oldal"},"content":{"rendered":"<p><a href=\"http:\/\/regeijaszok.hu\/wp-content\/uploads\/2015\/01\/68714225_2645476529032375_4534085060424368128_o.jpg\"><img decoding=\"async\" loading=\"lazy\" class=\"aligncenter size-medium wp-image-919\" src=\"http:\/\/regeijaszok.hu\/wp-content\/uploads\/2015\/01\/68714225_2645476529032375_4534085060424368128_o-300x182.jpg\" alt=\"68714225_2645476529032375_4534085060424368128_o\" width=\"300\" height=\"182\" srcset=\"https:\/\/regeijaszok.hu\/wp-content\/uploads\/2015\/01\/68714225_2645476529032375_4534085060424368128_o-300x182.jpg 300w, https:\/\/regeijaszok.hu\/wp-content\/uploads\/2015\/01\/68714225_2645476529032375_4534085060424368128_o-1024x623.jpg 1024w, https:\/\/regeijaszok.hu\/wp-content\/uploads\/2015\/01\/68714225_2645476529032375_4534085060424368128_o.jpg 2021w\" sizes=\"(max-width: 300px) 100vw, 300px\" \/><\/a><\/p>\n<h4 style=\"text-align: justify;\">A Rege \u00cdj\u00e1sz csapat \u00f6sszeszokott tagokb\u00f3l alakult 2012 szeptember\u00e9ben Esztergomban. R\u00f6viddel megalakul\u00e1sunk ut\u00e1n a tagl\u00e9tsz\u00e1m megk\u00e9tszerez\u0151d\u00f6tt, \u00edgy mostanra egy nagy csal\u00e1dd\u00e1 n\u0151tt\u00fck ki magunkat. Komoly v\u00e1ltoz\u00e1s a csapat \u00e9let\u00e9ben 2016. \u00e9v v\u00e9g\u00e9n k\u00f6vetkezett be, amikort\u00f3l Rege \u00cdj\u00e1szok Hagyom\u00e1ny\u0151rz\u0151 Sportegyes\u00fcletk\u00e9nt folytatjuk tev\u00e9kenys\u00e9g\u00fcnket.<\/h4>\n<h4 style=\"text-align: justify;\">Edz\u00e9seinket \u00edj\u00e1szoktat\u00f3 seg\u00edti, fel\u00fcgyeli, melyeken ismert magyar \u00edjk\u00e9sz\u00edt\u0151 mesterek \u00e1ltal gy\u00e1rtott, szk\u00edta, hun \u00e9s magyar \u00edjakkal gyakoroljuk, fejlesztj\u00fck \u00edj\u00e1sztud\u00e1sunkat. Az \u00edj\u00e1szaton t\u00falmen\u0151en a hagyom\u00e1nyos magyar harcmodorban haszn\u00e1lt, egy\u00e9b fegyverekkel is gyakorolunk. C\u00e9lunk, hogy az \u0151si kult\u00far\u00e1nk, \u00e9letm\u00f3dunk, n\u00e9pszok\u00e1saink \u00e9s \u0151si \u00edr\u00e1sunk, a rov\u00e1s\u00edr\u00e1s ter\u00e9n megszerzett, folyamatosan fejlesztett tud\u00e1st min\u00e9l sz\u00e9lesebb k\u00f6rben tudjuk megismertetni a jelen \u00e9s j\u00f6v\u0151 nemzed\u00e9k\u00e9vel. Mindezek mellett felk\u00e9r\u00e9sre sz\u00edvesen v\u00e1llalunk bemutat\u00f3kat, \u00edgy a k\u00f6z\u00f6ns\u00e9g egy \u00e1tfog\u00f3 k\u00e9pet kaphat \u0151seink harcm\u0171v\u00e9szet\u00e9r\u0151l. A Rege \u00cdj\u00e1szok v\u00e1rja minden, az \u00edj\u00e1szat, \u0151si magyar harcm\u0171v\u00e9szet, n\u00e9pszok\u00e1sok, kult\u00fara ir\u00e1nt \u00e9rdekl\u0151d\u0151t!<\/h4>\n<p><iframe loading=\"lazy\" title=\"Rege \u00cdj\u00e1szok Esztergom\" width=\"740\" height=\"416\" src=\"https:\/\/www.youtube.com\/embed\/y2zpoiGDFJk?feature=oembed\" frameborder=\"0\" allow=\"accelerometer; autoplay; clipboard-write; encrypted-media; gyroscope; picture-in-picture; web-share\" referrerpolicy=\"strict-origin-when-cross-origin\" allowfullscreen><\/iframe><\/p>\n","protected":false},"excerpt":{"rendered":"<p>A Rege \u00cdj\u00e1sz csapat \u00f6sszeszokott tagokb\u00f3l alakult 2012 szeptember\u00e9ben Esztergomban. R\u00f6viddel megalakul\u00e1sunk ut\u00e1n a tagl\u00e9tsz\u00e1m megk\u00e9tszerez\u0151d\u00f6tt, \u00edgy mostanra egy nagy csal\u00e1dd\u00e1 n\u0151tt\u00fck ki magunkat. Komoly v\u00e1ltoz\u00e1s a csapat \u00e9let\u00e9ben 2016. \u00e9v v\u00e9g\u00e9n k\u00f6vetkezett be, amikort\u00f3l Rege \u00cdj\u00e1szok Hagyom\u00e1ny\u0151rz\u0151 Sportegyes\u00fcletk\u00e9nt folytatjuk tev\u00e9kenys\u00e9g\u00fcnket. Edz\u00e9seinket \u00edj\u00e1szoktat\u00f3 seg\u00edti, fel\u00fcgyeli, melyeken ismert magyar \u00edjk\u00e9sz\u00edt\u0151 mesterek \u00e1ltal gy\u00e1rtott, szk\u00edta, hun \u00e9s [&hellip;]<\/p>\n","protected":false},"author":1,"featured_media":0,"parent":0,"menu_order":0,"comment_status":"closed","ping_status":"closed","template":"","meta":[],"_links":{"self":[{"href":"https:\/\/regeijaszok.hu\/index.php?rest_route=\/wp\/v2\/pages\/39"}],"collection":[{"href":"https:\/\/regeijaszok.hu\/index.php?rest_route=\/wp\/v2\/pages"}],"about":[{"href":"https:\/\/regeijaszok.hu\/index.php?rest_route=\/wp\/v2\/types\/page"}],"author":[{"embeddable":true,"href":"https:\/\/regeijaszok.hu\/index.php?rest_route=\/wp\/v2\/users\/1"}],"replies":[{"embeddable":true,"href":"https:\/\/regeijaszok.hu\/index.php?rest_route=%2Fwp%2Fv2%2Fcomments&post=39"}],"version-history":[{"count":19,"href":"https:\/\/regeijaszok.hu\/index.php?rest_route=\/wp\/v2\/pages\/39\/revisions"}],"predecessor-version":[{"id":920,"href":"https:\/\/regeijaszok.hu\/index.php?rest_route=\/wp\/v2\/pages\/39\/revisions\/920"}],"wp:attachment":[{"href":"https:\/\/regeijaszok.hu\/index.php?rest_route=%2Fwp%2Fv2%2Fmedia&parent=39"}],"curies":[{"name":"wp","href":"https:\/\/api.w.org\/{rel}","templated":true}]}}