{"id":18,"date":"2015-01-27T09:44:09","date_gmt":"2015-01-27T09:44:09","guid":{"rendered":"http:\/\/localhost\/regeijasz\/?page_id=18"},"modified":"2026-02-25T08:56:52","modified_gmt":"2026-02-25T07:56:52","slug":"edzesek","status":"publish","type":"page","link":"https:\/\/regeijaszok.hu\/?page_id=18","title":{"rendered":"Edz\u00e9sek"},"content":{"rendered":"\n<p><strong>Edz\u00e9sek helysz\u00edne:<\/strong><br>Esztergomban a 11-es \u00fat mellett a Duna fel\u0151li oldalon.<\/p>\n\n\n\n<p><strong>Edz\u00e9sek ideje:<\/strong><\/p>\n\n\n\n<p>Szombatonk\u00e9nt 14.00 \u2013 16.00-ig<\/p>\n\n\n\n<p><iframe src=\"https:\/\/www.google.com\/maps\/embed?pb=!1m18!1m12!1m3!1d3178.4823319976317!2d18.768634876708724!3d47.809465073946136!2m3!1f0!2f0!3f0!3m2!1i1024!2i768!4f13.1!3m3!1m2!1s0x476a63002c4d0dbb%3A0xe4547413b7422f2d!2zUkVHRSBTRSDDrWrDoXN6cMOhbHlh!5e1!3m2!1shu!2shu!4v1772005996000!5m2!1shu!2shu\" width=\"600\" height=\"450\" style=\"border:0;\" allowfullscreen=\"\" loading=\"lazy\" referrerpolicy=\"no-referrer-when-downgrade\"><\/iframe><\/p>\n","protected":false},"excerpt":{"rendered":"<p>Edz\u00e9sek helysz\u00edne:Esztergomban a 11-es \u00fat mellett a Duna fel\u0151li oldalon. Edz\u00e9sek ideje: Szombatonk\u00e9nt 14.00 \u2013 16.00-ig<\/p>\n","protected":false},"author":1,"featured_media":0,"parent":0,"menu_order":0,"comment_status":"closed","ping_status":"closed","template":"","meta":[],"_links":{"self":[{"href":"https:\/\/regeijaszok.hu\/index.php?rest_route=\/wp\/v2\/pages\/18"}],"collection":[{"href":"https:\/\/regeijaszok.hu\/index.php?rest_route=\/wp\/v2\/pages"}],"about":[{"href":"https:\/\/regeijaszok.hu\/index.php?rest_route=\/wp\/v2\/types\/page"}],"author":[{"embeddable":true,"href":"https:\/\/regeijaszok.hu\/index.php?rest_route=\/wp\/v2\/users\/1"}],"replies":[{"embeddable":true,"href":"https:\/\/regeijaszok.hu\/index.php?rest_route=%2Fwp%2Fv2%2Fcomments&post=18"}],"version-history":[{"count":52,"href":"https:\/\/regeijaszok.hu\/index.php?rest_route=\/wp\/v2\/pages\/18\/revisions"}],"predecessor-version":[{"id":979,"href":"https:\/\/regeijaszok.hu\/index.php?rest_route=\/wp\/v2\/pages\/18\/revisions\/979"}],"wp:attachment":[{"href":"https:\/\/regeijaszok.hu\/index.php?rest_route=%2Fwp%2Fv2%2Fmedia&parent=18"}],"curies":[{"name":"wp","href":"https:\/\/api.w.org\/{rel}","templated":true}]}}